{"id":474,"date":"2026-02-14T09:08:32","date_gmt":"2026-02-14T09:08:32","guid":{"rendered":"https:\/\/facilityprojectsolutions.com\/?post_type=product&#038;p=474"},"modified":"2026-02-14T09:08:32","modified_gmt":"2026-02-14T09:08:32","slug":"commercial-recycling-bin-with-removable-liners","status":"publish","type":"product","link":"https:\/\/facilityprojectsolutions.com\/fr\/commercial-recycling-bin-with-removable-liners\/","title":{"rendered":"Bac de recyclage commercial avec bacs amovibles"},"content":{"rendered":"<p data-start=\"0\" data-end=\"358\">Con\u00e7ue pour les halls d'entr\u00e9e des h\u00f4tels, les salles \u00e0 manger et les bureaux tr\u00e8s fr\u00e9quent\u00e9s, cette poubelle de recyclage commerciale permet de r\u00e9pondre rapidement et en toute confiance \u00e0 la question \u201cO\u00f9 cela va-t-il ? Choisissez une configuration \u00e0 2 ou 3 flux et guidez les utilisateurs \u00e0 l'aide d'\u00e9tiquettes claires et adapt\u00e9es \u00e0 l'image - un moyen \u00e9prouv\u00e9 de r\u00e9duire la confusion au niveau de la poubelle.<\/p>\n<p data-start=\"360\" data-end=\"698\">Les inserts d'ouverture de style restrictif correspondent physiquement au type de d\u00e9chets (fente, rond, bouteille\/cannette, etc.), cr\u00e9ant ainsi des rep\u00e8res visuels qui am\u00e9liorent le tri et contribuent \u00e0 r\u00e9duire la contamination. La s\u00e9paration multi-flux peut contribuer \u00e0 une r\u00e9cup\u00e9ration plus propre des mat\u00e9riaux sur les sites commerciaux.<\/p>\n<p data-start=\"700\" data-end=\"1298\">Le format modulaire de la station vous permet d'ajouter ou de reconfigurer les flux au fur et \u00e0 mesure de l'\u00e9volution de votre programme : \u00e9changez les ouvertures, rafra\u00eechissez les graphiques ou \u00e9largissez la gamme avec des modules assortis sans avoir \u00e0 remplacer l'unit\u00e9 enti\u00e8re. Derri\u00e8re la porte de service avant, des doublures amovibles permettent de changer les sacs plus rapidement et de les nettoyer facilement, tout en gardant le contenu discret pour une apparence soign\u00e9e de l'entr\u00e9e. Les points de contact \u201cintelligents\u201d en option sont bas\u00e9s sur l'exp\u00e9rience - ouvertures configurables et inserts modulaires - et non sur des capteurs, ce qui permet de normaliser le comportement en mati\u00e8re d'\u00e9limination dans les zones en contact avec les clients et les employ\u00e9s.<\/p>","protected":false},"excerpt":{"rendered":"<p data-start=\"1300\" data-end=\"1549\">Bac de recyclage commercial multi-flux pour les halls d'entr\u00e9e, les salles \u00e0 manger et les bureaux. Configurez le tri \u00e0 2 ou 3 flux avec des \u00e9tiquettes claires, des ouvertures restreintes et des doublures amovibles. Les modules compl\u00e9mentaires facilitent l'extension et la maintenance des programmes.<\/p>","protected":false},"featured_media":482,"template":"","meta":{"_gspb_post_css":""},"product_brand":[],"product_cat":[33,32],"product_tag":[],"class_list":{"0":"post-474","1":"product","2":"type-product","3":"status-publish","4":"has-post-thumbnail","6":"product_cat-recycling-bins","7":"product_cat-recycling-sorting-systems","9":"first","10":"instock","11":"shipping-taxable","12":"purchasable","13":"product-type-simple"},"_links":{"self":[{"href":"https:\/\/facilityprojectsolutions.com\/fr\/wp-json\/wp\/v2\/product\/474","targetHints":{"allow":["GET"]}}],"collection":[{"href":"https:\/\/facilityprojectsolutions.com\/fr\/wp-json\/wp\/v2\/product"}],"about":[{"href":"https:\/\/facilityprojectsolutions.com\/fr\/wp-json\/wp\/v2\/types\/product"}],"wp:featuredmedia":[{"embeddable":true,"href":"https:\/\/facilityprojectsolutions.com\/fr\/wp-json\/wp\/v2\/media\/482"}],"wp:attachment":[{"href":"https:\/\/facilityprojectsolutions.com\/fr\/wp-json\/wp\/v2\/media?parent=474"}],"wp:term":[{"taxonomy":"product_brand","embeddable":true,"href":"https:\/\/facilityprojectsolutions.com\/fr\/wp-json\/wp\/v2\/product_brand?post=474"},{"taxonomy":"product_cat","embeddable":true,"href":"https:\/\/facilityprojectsolutions.com\/fr\/wp-json\/wp\/v2\/product_cat?post=474"},{"taxonomy":"product_tag","embeddable":true,"href":"https:\/\/facilityprojectsolutions.com\/fr\/wp-json\/wp\/v2\/product_tag?post=474"}],"curies":[{"name":"wp","href":"https:\/\/api.w.org\/{rel}","templated":true}]}}