{"id":475,"date":"2026-02-14T09:21:06","date_gmt":"2026-02-14T09:21:06","guid":{"rendered":"https:\/\/facilityprojectsolutions.com\/?post_type=product&#038;p=475"},"modified":"2026-02-14T09:21:06","modified_gmt":"2026-02-14T09:21:06","slug":"smart-sorting-bin-system-for-facilities","status":"publish","type":"product","link":"https:\/\/facilityprojectsolutions.com\/fr\/smart-sorting-bin-system-for-facilities\/","title":{"rendered":"Syst\u00e8me intelligent de poubelles de tri pour les installations"},"content":{"rendered":"<p data-start=\"0\" data-end=\"252\">Int\u00e9grer le tri des d\u00e9chets dans l'exp\u00e9rience des clients, sans augmenter la charge de travail du personnel. Le Smart Sorting Bin System est une station de recyclage con\u00e7ue pour les halls d'entr\u00e9e des h\u00f4tels, les salles \u00e0 manger et les bureaux, o\u00f9 la rapidit\u00e9 et la clart\u00e9 sont essentielles.<\/p>\n<p data-start=\"254\" data-end=\"795\">Choisissez une disposition \u00e0 2 ou 3 flux (et \u00e9tendez-la plus tard) avec des corps modulaires qui se connectent proprement c\u00f4te \u00e0 c\u00f4te. \u00c0 l'int\u00e9rieur, des inserts configurables et des options d'ouverture (fentes, ronds, demi-lunes) incitent les utilisateurs \u00e0 choisir le bon flux, tandis que des \u00e9tiquettes audacieuses et faciles \u00e0 interchanger permettent de conserver des instructions coh\u00e9rentes d'un endroit \u00e0 l'autre. L'utilisation d'ic\u00f4nes et de couleurs coh\u00e9rentes permet de s'adapter \u00e0 votre programme et de maintenir l'ordre dans les zones \u00e0 forte fr\u00e9quentation. Ces conseils \u201cintelligents\u201d contribuent \u00e0 r\u00e9duire la contamination crois\u00e9e et encouragent un plus grand nombre de personnes \u00e0 participer.<\/p>\n<p data-start=\"797\" data-end=\"1117\">Pour les \u00e9quipes charg\u00e9es des installations, l'entretien est simple : les portes \u00e0 charni\u00e8res s'ouvrent en grand, les sacs se soul\u00e8vent facilement et les composants internes sont con\u00e7us pour \u00eatre nettoy\u00e9s. Standardisez un syst\u00e8me sur l'ensemble de la propri\u00e9t\u00e9, puis adaptez chaque station aux r\u00e8gles locales - poubelle\/recyclage, compost\/ poubelle\/recyclage ou autres combinaisons - sans remplacer l'ensemble de l'unit\u00e9.<\/p>\n<p data-start=\"1119\" data-end=\"1243\">R\u00e9sultat : une station plus propre, des op\u00e9rations plus fluides et un tri plus pr\u00e9cis qui contribue \u00e0 la r\u00e9alisation de vos objectifs de d\u00e9veloppement durable.<\/p>","protected":false},"excerpt":{"rendered":"<p>Station de tri configurable \u00e0 2 ou 3 flux, avec inserts modulaires, signalisation claire et ouvertures restrictives. Con\u00e7ue pour les halls d'entr\u00e9e des h\u00f4tels, les salles \u00e0 manger et les bureaux, elle est dot\u00e9e de portes faciles d'acc\u00e8s et de doublures amovibles pour un entretien rapide.<\/p>","protected":false},"featured_media":487,"template":"","meta":{"_gspb_post_css":""},"product_brand":[],"product_cat":[35,32],"product_tag":[],"class_list":{"0":"post-475","1":"product","2":"type-product","3":"status-publish","4":"has-post-thumbnail","6":"product_cat-smart-sorting-systems","7":"product_cat-recycling-sorting-systems","9":"first","10":"instock","11":"shipping-taxable","12":"purchasable","13":"product-type-simple"},"_links":{"self":[{"href":"https:\/\/facilityprojectsolutions.com\/fr\/wp-json\/wp\/v2\/product\/475","targetHints":{"allow":["GET"]}}],"collection":[{"href":"https:\/\/facilityprojectsolutions.com\/fr\/wp-json\/wp\/v2\/product"}],"about":[{"href":"https:\/\/facilityprojectsolutions.com\/fr\/wp-json\/wp\/v2\/types\/product"}],"wp:featuredmedia":[{"embeddable":true,"href":"https:\/\/facilityprojectsolutions.com\/fr\/wp-json\/wp\/v2\/media\/487"}],"wp:attachment":[{"href":"https:\/\/facilityprojectsolutions.com\/fr\/wp-json\/wp\/v2\/media?parent=475"}],"wp:term":[{"taxonomy":"product_brand","embeddable":true,"href":"https:\/\/facilityprojectsolutions.com\/fr\/wp-json\/wp\/v2\/product_brand?post=475"},{"taxonomy":"product_cat","embeddable":true,"href":"https:\/\/facilityprojectsolutions.com\/fr\/wp-json\/wp\/v2\/product_cat?post=475"},{"taxonomy":"product_tag","embeddable":true,"href":"https:\/\/facilityprojectsolutions.com\/fr\/wp-json\/wp\/v2\/product_tag?post=475"}],"curies":[{"name":"wp","href":"https:\/\/api.w.org\/{rel}","templated":true}]}}