{"id":488,"date":"2026-02-14T09:46:20","date_gmt":"2026-02-14T09:46:20","guid":{"rendered":"https:\/\/facilityprojectsolutions.com\/?post_type=product&#038;p=488"},"modified":"2026-02-14T09:46:20","modified_gmt":"2026-02-14T09:46:20","slug":"intelligent-waste-sorting-station-for-hotels","status":"publish","type":"product","link":"https:\/\/facilityprojectsolutions.com\/fr\/intelligent-waste-sorting-station-for-hotels\/","title":{"rendered":"Station intelligente de tri des d\u00e9chets pour les h\u00f4tels"},"content":{"rendered":"<p data-start=\"0\" data-end=\"695\">Con\u00e7ue pour les halls d'entr\u00e9e des h\u00f4tels, les zones de restauration et les couloirs de bureaux, cette station de tri des d\u00e9chets intelligente cr\u00e9e une exp\u00e9rience \u201cintelligente\u201d pour les clients gr\u00e2ce \u00e0 la conception, et non \u00e0 la reconnaissance automatique des mat\u00e9riaux. Choisissez des configurations \u00e0 2 ou 3 flux et orientez l'\u00e9limination avec des panneaux de flux audacieux et des ouvertures configurables (fentes, rondes ou mixtes) qui permettent de faire le bon choix sans effort. Il est largement d\u00e9montr\u00e9 que des \u00e9tiquettes claires avec un texte simple et des pictogrammes r\u00e9duisent la confusion et am\u00e9liorent l'utilisation correcte dans les points de recyclage partag\u00e9s. Des ouvertures restrictives sont \u00e9galement recommand\u00e9es pour d\u00e9courager la contamination dans les lieux tr\u00e8s fr\u00e9quent\u00e9s.<\/p>\n<p data-start=\"697\" data-end=\"1089\">La structure modulaire de la station permet de modifier les programmes au fil du temps : \u00e9changez les inserts, ajoutez un flux ou rafra\u00eechissez les graphismes pour vous aligner sur l'\u00e9volution des r\u00e8gles en mati\u00e8re de d\u00e9chets ou des normes de propri\u00e9t\u00e9. L'entretien quotidien reste simple : les portes accessibles et les conteneurs int\u00e9rieurs amovibles simplifient les changements de sacs et les nettoyages, ce qui permet aux \u00e9quipes d'entretenir rapidement l'unit\u00e9 tout en conservant l'aspect impeccable des zones d'accueil.<\/p>\n<p data-start=\"1091\" data-end=\"1250\">L'utilisation d'un mod\u00e8le de station uniforme dans tous les \u00e9tages permet de stimuler la participation, d'uniformiser la formation du personnel et de garder les flux collect\u00e9s plus propres pour les manipulations en aval.<\/p>","protected":false},"excerpt":{"rendered":"<p data-start=\"1252\" data-end=\"1496\">Une station de tri des d\u00e9chets pr\u00eate pour l'h\u00f4tel avec des dispositions \u00e0 2 ou 3 flux, des graphiques de flux clairs et des ouvertures configurables qui guident l'\u00e9limination correcte. Les inserts modulaires et les rev\u00eatements faciles d'acc\u00e8s permettent un entretien rapide dans les zones publiques tr\u00e8s fr\u00e9quent\u00e9es.<\/p>","protected":false},"featured_media":492,"template":"","meta":{"_gspb_post_css":""},"product_brand":[],"product_cat":[35,32],"product_tag":[],"class_list":{"0":"post-488","1":"product","2":"type-product","3":"status-publish","4":"has-post-thumbnail","6":"product_cat-smart-sorting-systems","7":"product_cat-recycling-sorting-systems","9":"first","10":"instock","11":"shipping-taxable","12":"purchasable","13":"product-type-simple"},"_links":{"self":[{"href":"https:\/\/facilityprojectsolutions.com\/fr\/wp-json\/wp\/v2\/product\/488","targetHints":{"allow":["GET"]}}],"collection":[{"href":"https:\/\/facilityprojectsolutions.com\/fr\/wp-json\/wp\/v2\/product"}],"about":[{"href":"https:\/\/facilityprojectsolutions.com\/fr\/wp-json\/wp\/v2\/types\/product"}],"wp:featuredmedia":[{"embeddable":true,"href":"https:\/\/facilityprojectsolutions.com\/fr\/wp-json\/wp\/v2\/media\/492"}],"wp:attachment":[{"href":"https:\/\/facilityprojectsolutions.com\/fr\/wp-json\/wp\/v2\/media?parent=488"}],"wp:term":[{"taxonomy":"product_brand","embeddable":true,"href":"https:\/\/facilityprojectsolutions.com\/fr\/wp-json\/wp\/v2\/product_brand?post=488"},{"taxonomy":"product_cat","embeddable":true,"href":"https:\/\/facilityprojectsolutions.com\/fr\/wp-json\/wp\/v2\/product_cat?post=488"},{"taxonomy":"product_tag","embeddable":true,"href":"https:\/\/facilityprojectsolutions.com\/fr\/wp-json\/wp\/v2\/product_tag?post=488"}],"curies":[{"name":"wp","href":"https:\/\/api.w.org\/{rel}","templated":true}]}}