{"id":489,"date":"2026-02-14T09:56:37","date_gmt":"2026-02-14T09:56:37","guid":{"rendered":"https:\/\/facilityprojectsolutions.com\/?post_type=product&#038;p=489"},"modified":"2026-02-14T09:56:37","modified_gmt":"2026-02-14T09:56:37","slug":"smart-classification-bin-with-multi-stream-slots","status":"publish","type":"product","link":"https:\/\/facilityprojectsolutions.com\/fr\/smart-classification-bin-with-multi-stream-slots\/","title":{"rendered":"Bac de classification intelligent avec fentes pour flux multiples"},"content":{"rendered":"<p data-start=\"0\" data-end=\"678\">Con\u00e7ue pour les espaces d'accueil o\u00f9 l'esth\u00e9tique et la conformit\u00e9 sont importantes, la poubelle de classification intelligente apporte le tri multi-flux dans les halls d'h\u00f4tel, les salles \u00e0 manger et les bureaux sans ajouter d'encombrement visuel. Choisissez un couvercle \u00e0 2 ou 3 flux avec des fentes clairement s\u00e9par\u00e9es ; des inserts d'ouverture configurables vous permettent d'adapter chaque flux \u00e0 votre programme actuel et de faire en sorte que le \u201cbon choix\u201d soit \u00e9vident au premier coup d'\u0153il. Des ouvertures restrictives et cibl\u00e9es, associ\u00e9es \u00e0 une signalisation claire, sont une approche \u00e9prouv\u00e9e utilis\u00e9e dans les stations commerciales pour r\u00e9duire la confusion et encourager un meilleur comportement en mati\u00e8re de tri.<\/p>\n<p data-start=\"680\" data-end=\"1162\">En coulisses, le service reste simple. Une porte d'acc\u00e8s frontale et des rev\u00eatements int\u00e9rieurs amovibles permettent des changements rapides et ordonn\u00e9s, et le format modulaire vous permet d'ajouter, de retirer ou de r\u00e9\u00e9quilibrer les flux en fonction de l'\u00e9volution des besoins, ce qui est utile lorsque les r\u00e8gles de la propri\u00e9t\u00e9 ou les exigences locales changent. Des ic\u00f4nes et des couleurs coh\u00e9rentes aident les clients, les convives et le personnel \u00e0 participer avec moins d'h\u00e9sitation, am\u00e9liorant ainsi l'engagement dans les zones tr\u00e8s fr\u00e9quent\u00e9es.<\/p>","protected":false},"excerpt":{"rendered":"<p data-start=\"1164\" data-end=\"1442\">Station de recyclage en fa\u00e7ade pour les h\u00f4tels et les bureaux avec des fentes \u00e0 2 ou 3 flux. Les inserts d'ouverture configurables, les \u00e9tiquettes claires et les doublures faciles d'acc\u00e8s contribuent \u00e0 am\u00e9liorer la pr\u00e9cision du tri tout en assurant une maintenance rapide et ordonn\u00e9e.<\/p>","protected":false},"featured_media":497,"template":"","meta":{"_gspb_post_css":""},"product_brand":[],"product_cat":[35,32],"product_tag":[],"class_list":{"0":"post-489","1":"product","2":"type-product","3":"status-publish","4":"has-post-thumbnail","6":"product_cat-smart-sorting-systems","7":"product_cat-recycling-sorting-systems","9":"first","10":"instock","11":"shipping-taxable","12":"purchasable","13":"product-type-simple"},"_links":{"self":[{"href":"https:\/\/facilityprojectsolutions.com\/fr\/wp-json\/wp\/v2\/product\/489","targetHints":{"allow":["GET"]}}],"collection":[{"href":"https:\/\/facilityprojectsolutions.com\/fr\/wp-json\/wp\/v2\/product"}],"about":[{"href":"https:\/\/facilityprojectsolutions.com\/fr\/wp-json\/wp\/v2\/types\/product"}],"wp:featuredmedia":[{"embeddable":true,"href":"https:\/\/facilityprojectsolutions.com\/fr\/wp-json\/wp\/v2\/media\/497"}],"wp:attachment":[{"href":"https:\/\/facilityprojectsolutions.com\/fr\/wp-json\/wp\/v2\/media?parent=489"}],"wp:term":[{"taxonomy":"product_brand","embeddable":true,"href":"https:\/\/facilityprojectsolutions.com\/fr\/wp-json\/wp\/v2\/product_brand?post=489"},{"taxonomy":"product_cat","embeddable":true,"href":"https:\/\/facilityprojectsolutions.com\/fr\/wp-json\/wp\/v2\/product_cat?post=489"},{"taxonomy":"product_tag","embeddable":true,"href":"https:\/\/facilityprojectsolutions.com\/fr\/wp-json\/wp\/v2\/product_tag?post=489"}],"curies":[{"name":"wp","href":"https:\/\/api.w.org\/{rel}","templated":true}]}}