{"id":49,"date":"2026-02-12T08:37:03","date_gmt":"2026-02-12T08:37:03","guid":{"rendered":"https:\/\/facilityprojectsolutions.com\/?post_type=product&#038;p=49"},"modified":"2026-02-12T08:37:04","modified_gmt":"2026-02-12T08:37:04","slug":"oem-hotel-service-cart-with-shelves","status":"publish","type":"product","link":"https:\/\/facilityprojectsolutions.com\/fr\/oem-hotel-service-cart-with-shelves\/","title":{"rendered":"Chariot de service h\u00f4telier OEM avec \u00e9tag\u00e8res"},"content":{"rendered":"<p data-start=\"0\" data-end=\"462\">Con\u00e7u pour les op\u00e9rations quotidiennes de l'\u00e9tablissement, ce chariot de service h\u00f4telier OEM avec \u00e9tag\u00e8res rationalise le r\u00e9approvisionnement et les op\u00e9rations de service l\u00e9g\u00e8res dans les \u00e9tages fr\u00e9quent\u00e9s par les clients. La disposition des \u00e9tag\u00e8res permet de cr\u00e9er des zones d\u00e9di\u00e9es au linge, aux \u00e9quipements et aux consommables, ce qui aide les employ\u00e9s \u00e0 s\u00e9parer les articles, \u00e0 les rendre visibles et \u00e0 les rendre facilement accessibles. Il permet \u00e9galement une organisation cloisonn\u00e9e avec vos bacs et caddies pr\u00e9f\u00e9r\u00e9s, de sorte que chaque type de chambre peut \u00eatre desservi avec un kit coh\u00e9rent.<\/p>\n<p data-start=\"464\" data-end=\"849\">La mobilit\u00e9 est adapt\u00e9e aux espaces d'accueil : les roulettes \u00e0 roulement doux et la direction r\u00e9active facilitent les virages serr\u00e9s dans les couloirs et permettent un positionnement contr\u00f4l\u00e9 au niveau des portes et \u00e0 l'int\u00e9rieur des ascenseurs. Les pare-chocs protecteurs r\u00e9duisent les \u00e9raflures accidentelles sur les murs et les meubles, tandis que les roues non marquantes sont adapt\u00e9es aux rev\u00eatements de sol courants des h\u00f4tels et contribuent \u00e0 maintenir un aspect propre le long des parcours des clients.<\/p>\n<p data-start=\"851\" data-end=\"1297\">Comme les exigences varient en fonction de la marque et du nombre de pi\u00e8ces, la configuration des \u00e9tag\u00e8res peut \u00eatre sp\u00e9cifi\u00e9e lors de la production OEM, ce qui permet d'adapter l'espacement des \u00e9tag\u00e8res et le zonage de stockage \u00e0 votre flux de travail. Les surfaces faciles \u00e0 nettoyer simplifient les nettoyages entre les quarts de travail, ce qui permet au chariot de rester pr\u00e9sentable dans les zones de l'arri\u00e8re-boutique et les zones en contact avec les clients. Le r\u00e9sultat est une plate-forme fiable pour des tourn\u00e9es plus rapides, moins d'allers-retours et une image de service plus professionnelle.<\/p>","protected":false},"excerpt":{"rendered":"<p>Chariot de service OEM \u00e0 \u00e9tag\u00e8res pour les h\u00f4tels et les appartements avec services, con\u00e7u pour un zonage organis\u00e9 des fournitures, une conduite facile dans les couloirs et les ascenseurs, des roulettes non marquantes et s\u00fbres pour le sol, et un nettoyage rapide par essuyage.<\/p>","protected":false},"featured_media":53,"template":"","meta":{"_gspb_post_css":""},"product_brand":[],"product_cat":[20,15],"product_tag":[],"class_list":{"0":"post-49","1":"product","2":"type-product","3":"status-publish","4":"has-post-thumbnail","6":"product_cat-custom-hotel-carts","7":"product_cat-hotel-service-carts","9":"first","10":"instock","11":"shipping-taxable","12":"purchasable","13":"product-type-simple"},"_links":{"self":[{"href":"https:\/\/facilityprojectsolutions.com\/fr\/wp-json\/wp\/v2\/product\/49","targetHints":{"allow":["GET"]}}],"collection":[{"href":"https:\/\/facilityprojectsolutions.com\/fr\/wp-json\/wp\/v2\/product"}],"about":[{"href":"https:\/\/facilityprojectsolutions.com\/fr\/wp-json\/wp\/v2\/types\/product"}],"wp:featuredmedia":[{"embeddable":true,"href":"https:\/\/facilityprojectsolutions.com\/fr\/wp-json\/wp\/v2\/media\/53"}],"wp:attachment":[{"href":"https:\/\/facilityprojectsolutions.com\/fr\/wp-json\/wp\/v2\/media?parent=49"}],"wp:term":[{"taxonomy":"product_brand","embeddable":true,"href":"https:\/\/facilityprojectsolutions.com\/fr\/wp-json\/wp\/v2\/product_brand?post=49"},{"taxonomy":"product_cat","embeddable":true,"href":"https:\/\/facilityprojectsolutions.com\/fr\/wp-json\/wp\/v2\/product_cat?post=49"},{"taxonomy":"product_tag","embeddable":true,"href":"https:\/\/facilityprojectsolutions.com\/fr\/wp-json\/wp\/v2\/product_tag?post=49"}],"curies":[{"name":"wp","href":"https:\/\/api.w.org\/{rel}","templated":true}]}}