{"id":490,"date":"2026-02-14T10:09:37","date_gmt":"2026-02-14T10:09:37","guid":{"rendered":"https:\/\/facilityprojectsolutions.com\/?post_type=product&#038;p=490"},"modified":"2026-02-14T10:09:37","modified_gmt":"2026-02-14T10:09:37","slug":"smart-sorting-receptacle-with-modular-inserts","status":"publish","type":"product","link":"https:\/\/facilityprojectsolutions.com\/fr\/smart-sorting-receptacle-with-modular-inserts\/","title":{"rendered":"R\u00e9cipient de tri intelligent avec inserts modulaires"},"content":{"rendered":"<p data-start=\"0\" data-end=\"612\">Con\u00e7u pour les lieux de travail et d'accueil \u00e0 forte fr\u00e9quentation, le r\u00e9ceptacle de tri intelligent transforme le d\u00e9tournement des d\u00e9chets en une exp\u00e9rience simple et guid\u00e9e. Choisissez un <strong data-start=\"174\" data-end=\"186\">2-flux<\/strong>, <strong data-start=\"188\" data-end=\"200\">3-flux<\/strong>, Les bacs peuvent \u00eatre configur\u00e9s en fonction de votre programme (d\u00e9chets, produits recyclables m\u00e9lang\u00e9s, papier, produits organiques ou flux personnalis\u00e9s) en interchangeant les inserts modulaires et les ouvertures sup\u00e9rieures configurables. Un \u00e9tiquetage audacieux et visible d'un seul coup d'\u0153il, associ\u00e9 \u00e0 des ouvertures restreintes et sp\u00e9cifiques aux flux, aide \u00e0 orienter les clients et le personnel vers le bon choix et peut r\u00e9duire la contamination crois\u00e9e par rapport aux poubelles ouvertes \u201ctout est permis\u201d.<\/p>\n<p data-start=\"614\" data-end=\"1064\">Derri\u00e8re la porte d'entr\u00e9e, des doublures int\u00e9rieures amovibles maintiennent les sacs stables et permettent aux \u00e9quipes de nettoyage et d'entretien de les retirer rapidement. Un ext\u00e9rieur facile \u00e0 essuyer et une porte facile d'acc\u00e8s simplifient les remises \u00e0 z\u00e9ro quotidiennes entre les arriv\u00e9es et les p\u00e9riodes de repas. L'approche connect\u00e9e et modulaire permet \u00e9galement une expansion future - ajouter un flux, mettre \u00e0 jour les messages ou reconfigurer les ouvertures en fonction de l'\u00e9volution des locataires, des menus et des r\u00e8gles locales.<\/p>","protected":false},"excerpt":{"rendered":"<p>Une station de d\u00e9chets et de recyclage configurable pour les h\u00f4tels et les bureaux. Les inserts modulaires permettent un tri \u00e0 2 ou 3 flux avec un \u00e9tiquetage clair et des ouvertures guid\u00e9es, tandis que l'acc\u00e8s frontal et les rev\u00eatements amovibles permettent un entretien rapide et ordonn\u00e9.<\/p>","protected":false},"featured_media":499,"template":"","meta":{"_gspb_post_css":""},"product_brand":[],"product_cat":[35,32],"product_tag":[],"class_list":{"0":"post-490","1":"product","2":"type-product","3":"status-publish","4":"has-post-thumbnail","6":"product_cat-smart-sorting-systems","7":"product_cat-recycling-sorting-systems","9":"first","10":"instock","11":"shipping-taxable","12":"purchasable","13":"product-type-simple"},"_links":{"self":[{"href":"https:\/\/facilityprojectsolutions.com\/fr\/wp-json\/wp\/v2\/product\/490","targetHints":{"allow":["GET"]}}],"collection":[{"href":"https:\/\/facilityprojectsolutions.com\/fr\/wp-json\/wp\/v2\/product"}],"about":[{"href":"https:\/\/facilityprojectsolutions.com\/fr\/wp-json\/wp\/v2\/types\/product"}],"wp:featuredmedia":[{"embeddable":true,"href":"https:\/\/facilityprojectsolutions.com\/fr\/wp-json\/wp\/v2\/media\/499"}],"wp:attachment":[{"href":"https:\/\/facilityprojectsolutions.com\/fr\/wp-json\/wp\/v2\/media?parent=490"}],"wp:term":[{"taxonomy":"product_brand","embeddable":true,"href":"https:\/\/facilityprojectsolutions.com\/fr\/wp-json\/wp\/v2\/product_brand?post=490"},{"taxonomy":"product_cat","embeddable":true,"href":"https:\/\/facilityprojectsolutions.com\/fr\/wp-json\/wp\/v2\/product_cat?post=490"},{"taxonomy":"product_tag","embeddable":true,"href":"https:\/\/facilityprojectsolutions.com\/fr\/wp-json\/wp\/v2\/product_tag?post=490"}],"curies":[{"name":"wp","href":"https:\/\/api.w.org\/{rel}","templated":true}]}}