{"id":50,"date":"2026-02-12T08:51:04","date_gmt":"2026-02-12T08:51:04","guid":{"rendered":"https:\/\/facilityprojectsolutions.com\/?post_type=product&#038;p=50"},"modified":"2026-02-12T08:51:04","modified_gmt":"2026-02-12T08:51:04","slug":"custom-linen-amenity-cart-for-hotels","status":"publish","type":"product","link":"https:\/\/facilityprojectsolutions.com\/fr\/custom-linen-amenity-cart-for-hotels\/","title":{"rendered":"Chariot de linge et de commodit\u00e9s sur mesure pour les h\u00f4tels"},"content":{"rendered":"<p>Con\u00e7u pour les renouvellements quotidiens des chambres d'h\u00f4tes, ce chariot personnalis\u00e9 pour le linge et les accessoires permet aux \u00e9quipes de classer les fournitures par zone plut\u00f4t que par pile. Les \u00e9tag\u00e8res r\u00e9glables vous permettent de reconfigurer l'espace pour les serviettes pli\u00e9es, les oreillers de rechange ou les accessoires en bo\u00eete, tandis que les compartiments d\u00e9di\u00e9s gardent les articles fr\u00e9quemment utilis\u00e9s visibles et \u00e0 port\u00e9e de main. Un plateau sup\u00e9rieur pratique permet d'effectuer un tri rapide et d'organiser les demandes dans les chambres entre les arr\u00eats. Les roulettes pivotantes permettent de se diriger en toute confiance dans les couloirs de service \u00e9troits, et les roues non marquantes aident \u00e0 prot\u00e9ger les sols finis pendant les tourn\u00e9es continues. Les pare-chocs qui absorbent les chocs et ne marquent pas prot\u00e8gent les murs, les cadres de porte et l'int\u00e9rieur des ascenseurs contre les \u00e9raflures. Les surfaces faciles \u00e0 nettoyer et la construction durable r\u00e9sistent aux nettoyages r\u00e9p\u00e9t\u00e9s et aux manipulations quotidiennes sans para\u00eetre us\u00e9es. Con\u00e7u pour se d\u00e9placer en douceur dans les couloirs et les ascenseurs, le chariot permet une installation coh\u00e9rente dans les chambres d'h\u00f4tes, les suites et les \u00e9tages des s\u00e9jours prolong\u00e9s o\u00f9 les espaces de rangement varient. La configuration \u00e9tant sp\u00e9cifi\u00e9e en fonction de votre flux de travail, les agents passent moins de temps \u00e0 chercher des articles et plus de temps \u00e0 remplir les chambres selon les normes. Le r\u00e9sultat est un r\u00e9approvisionnement plus rapide, moins d'interruptions et une pr\u00e9sentation de l'arri\u00e8re-boutique qui refl\u00e8te les normes de votre \u00e9tablissement.<\/p>","protected":false},"excerpt":{"rendered":"<p>Chariot de linge et d'\u00e9quipements sur mesure pour les h\u00f4tels, les appartements et les centres de vill\u00e9giature. Rangement compartiment\u00e9 avec \u00e9tag\u00e8res r\u00e9glables, pivotement en douceur, roulettes non marquantes et pare-chocs de protection - facile \u00e0 nettoyer pour les tourn\u00e9es quotidiennes de nettoyage.<\/p>","protected":false},"featured_media":60,"template":"","meta":{"_gspb_post_css":""},"product_brand":[],"product_cat":[20,15],"product_tag":[],"class_list":{"0":"post-50","1":"product","2":"type-product","3":"status-publish","4":"has-post-thumbnail","6":"product_cat-custom-hotel-carts","7":"product_cat-hotel-service-carts","9":"first","10":"instock","11":"shipping-taxable","12":"purchasable","13":"product-type-simple"},"_links":{"self":[{"href":"https:\/\/facilityprojectsolutions.com\/fr\/wp-json\/wp\/v2\/product\/50","targetHints":{"allow":["GET"]}}],"collection":[{"href":"https:\/\/facilityprojectsolutions.com\/fr\/wp-json\/wp\/v2\/product"}],"about":[{"href":"https:\/\/facilityprojectsolutions.com\/fr\/wp-json\/wp\/v2\/types\/product"}],"wp:featuredmedia":[{"embeddable":true,"href":"https:\/\/facilityprojectsolutions.com\/fr\/wp-json\/wp\/v2\/media\/60"}],"wp:attachment":[{"href":"https:\/\/facilityprojectsolutions.com\/fr\/wp-json\/wp\/v2\/media?parent=50"}],"wp:term":[{"taxonomy":"product_brand","embeddable":true,"href":"https:\/\/facilityprojectsolutions.com\/fr\/wp-json\/wp\/v2\/product_brand?post=50"},{"taxonomy":"product_cat","embeddable":true,"href":"https:\/\/facilityprojectsolutions.com\/fr\/wp-json\/wp\/v2\/product_cat?post=50"},{"taxonomy":"product_tag","embeddable":true,"href":"https:\/\/facilityprojectsolutions.com\/fr\/wp-json\/wp\/v2\/product_tag?post=50"}],"curies":[{"name":"wp","href":"https:\/\/api.w.org\/{rel}","templated":true}]}}