{"id":503,"date":"2026-02-14T10:29:23","date_gmt":"2026-02-14T10:29:23","guid":{"rendered":"https:\/\/facilityprojectsolutions.com\/?post_type=product&#038;p=503"},"modified":"2026-02-14T10:29:23","modified_gmt":"2026-02-14T10:29:23","slug":"smart-waste-sorting-station-for-public-areas","status":"publish","type":"product","link":"https:\/\/facilityprojectsolutions.com\/fr\/smart-waste-sorting-station-for-public-areas\/","title":{"rendered":"Station de tri des d\u00e9chets intelligente pour les espaces publics"},"content":{"rendered":"<p data-start=\"0\" data-end=\"312\">Con\u00e7ue pour les espaces d'accueil, cette station de tri des d\u00e9chets intelligente aide les h\u00f4tels et les bureaux \u00e0 maintenir des programmes de recyclage ordonn\u00e9s, intuitifs et coh\u00e9rents. Choisissez une disposition \u00e0 2 ou 3 flux (ou \u00e9tendez-la plus tard) pour correspondre \u00e0 vos flux de d\u00e9chets locaux : d\u00e9charge, bouteilles et canettes, papier, d\u00e9chets organiques, etc.<\/p>\n<p data-start=\"314\" data-end=\"644\">Des \u00e9tiquettes et des couleurs claires et contrast\u00e9es guident les clients et le personnel d'un seul coup d'\u0153il, tandis que des ouvertures restrictives et adapt\u00e9es r\u00e9duisent le \u201ccycle des souhaits\u201d en faisant du bon choix le choix le plus facile. L'exp\u00e9rience \u201cintelligente\u201d vient des ouvertures configurables et des inserts modulaires qui vous permettent d'actualiser les flux sans remplacer l'ensemble de la station.<\/p>\n<p data-start=\"646\" data-end=\"1107\">En coulisses, le service est rapide : retirez les doublures en douceur, acc\u00e9dez au contenu gr\u00e2ce \u00e0 une porte au design \u00e9pur\u00e9, et gardez l'armoire impeccable m\u00eame pendant les p\u00e9riodes de forte affluence. Les bords lisses et les surfaces faciles \u00e0 nettoyer facilitent les op\u00e9rations de nettoyage quotidiennes. Un corps modulaire permet d'ajouter facilement des sections au fur et \u00e0 mesure que votre programme de durabilit\u00e9 se d\u00e9veloppe, ou de normaliser le tri dans les halls d'entr\u00e9e, les salles \u00e0 manger et les bureaux, ce qui am\u00e9liore la participation et r\u00e9duit le travail de re-tri en fin de cha\u00eene.<\/p>","protected":false},"excerpt":{"rendered":"<p>Station de collecte des d\u00e9chets et de recyclage pour les h\u00f4tels et les bureaux, avec tri \u00e0 2 ou 3 flux, signalisation claire, ouvertures restrictives, inserts modulaires et acc\u00e8s au sac facile \u00e0 utiliser pour am\u00e9liorer l'\u00e9limination des d\u00e9chets.<\/p>","protected":false},"featured_media":507,"template":"","meta":{"_gspb_post_css":""},"product_brand":[],"product_cat":[35,32],"product_tag":[],"class_list":{"0":"post-503","1":"product","2":"type-product","3":"status-publish","4":"has-post-thumbnail","6":"product_cat-smart-sorting-systems","7":"product_cat-recycling-sorting-systems","9":"first","10":"instock","11":"shipping-taxable","12":"purchasable","13":"product-type-simple"},"_links":{"self":[{"href":"https:\/\/facilityprojectsolutions.com\/fr\/wp-json\/wp\/v2\/product\/503","targetHints":{"allow":["GET"]}}],"collection":[{"href":"https:\/\/facilityprojectsolutions.com\/fr\/wp-json\/wp\/v2\/product"}],"about":[{"href":"https:\/\/facilityprojectsolutions.com\/fr\/wp-json\/wp\/v2\/types\/product"}],"wp:featuredmedia":[{"embeddable":true,"href":"https:\/\/facilityprojectsolutions.com\/fr\/wp-json\/wp\/v2\/media\/507"}],"wp:attachment":[{"href":"https:\/\/facilityprojectsolutions.com\/fr\/wp-json\/wp\/v2\/media?parent=503"}],"wp:term":[{"taxonomy":"product_brand","embeddable":true,"href":"https:\/\/facilityprojectsolutions.com\/fr\/wp-json\/wp\/v2\/product_brand?post=503"},{"taxonomy":"product_cat","embeddable":true,"href":"https:\/\/facilityprojectsolutions.com\/fr\/wp-json\/wp\/v2\/product_cat?post=503"},{"taxonomy":"product_tag","embeddable":true,"href":"https:\/\/facilityprojectsolutions.com\/fr\/wp-json\/wp\/v2\/product_tag?post=503"}],"curies":[{"name":"wp","href":"https:\/\/api.w.org\/{rel}","templated":true}]}}