{"id":504,"date":"2026-02-14T11:54:24","date_gmt":"2026-02-14T11:54:24","guid":{"rendered":"https:\/\/facilityprojectsolutions.com\/?post_type=product&#038;p=504"},"modified":"2026-02-14T11:54:24","modified_gmt":"2026-02-14T11:54:24","slug":"multi-compartment-sorting-station-for-lobbies","status":"publish","type":"product","link":"https:\/\/facilityprojectsolutions.com\/fr\/multi-compartment-sorting-station-for-lobbies\/","title":{"rendered":"Station de tri \u00e0 compartiments multiples pour les halls d'entr\u00e9e"},"content":{"rendered":"<p data-start=\"0\" data-end=\"449\">Con\u00e7ue pour les halls d'entr\u00e9e des h\u00f4tels, les salles \u00e0 manger et les bureaux \u00e0 forte fr\u00e9quentation, cette station de tri \u00e0 compartiments multiples rend le tri des d\u00e9chets intuitif sans encombrer l'espace. Choisissez une disposition \u00e0 2 ou 3 flux (et \u00e9tendez-la plus tard) pour r\u00e9pondre \u00e0 vos objectifs de d\u00e9tournement, puis guidez les clients et le personnel avec de grandes zones d'\u00e9tiquetage, une signalisation conviviale et des ouvertures restrictives sp\u00e9cifiques aux flux qui aident \u00e0 r\u00e9duire la contamination et le \u201crecyclage souhait\u00e9\u201d.\u201d<\/p>\n<p data-start=\"451\" data-end=\"797\">Une architecture modulaire vous permet d'ajouter, de supprimer ou de reconfigurer les compartiments en fonction de l'\u00e9volution des programmes - recyclage mixte aujourd'hui, compost demain - tandis que les inserts configurables et les styles d'ouverture cr\u00e9ent une exp\u00e9rience \u201cintelligente\u201d qui incite doucement \u00e0 adopter le bon comportement. Des panneaux de signalisation optionnels permettent de mettre en valeur l'image de marque de la propri\u00e9t\u00e9 et de diffuser des messages multilingues pour les clients internationaux.<\/p>\n<p data-start=\"799\" data-end=\"1174\">En coulisses, le service est rapide : les rev\u00eatements int\u00e9rieurs amovibles et\/ou les portes d'acc\u00e8s \u00e0 l'avant gardent les changements propres et efficaces, de sorte que votre \u00e9quipe consacre moins de temps \u00e0 l'entretien et plus de temps \u00e0 l'exp\u00e9rience des clients. Placez-les pr\u00e8s des ascenseurs, des retours de buffet ou des couloirs des salles de pause pour faire de l'\u00e9limination des d\u00e9chets un moment de d\u00e9veloppement durable clair et coh\u00e9rent.<\/p>","protected":false},"excerpt":{"rendered":"<p>Station de tri multi-flux pour les h\u00f4tels et les bureaux, avec des \u00e9tiquettes claires, des ouvertures restrictives et des compartiments modulaires. Les inserts configurables et les doublures\/portes faciles d'entretien permettent de maintenir une s\u00e9paration pr\u00e9cise et une maintenance simple.<\/p>","protected":false},"featured_media":512,"template":"","meta":{"_gspb_post_css":""},"product_brand":[],"product_cat":[34,32],"product_tag":[],"class_list":{"0":"post-504","1":"product","2":"type-product","3":"status-publish","4":"has-post-thumbnail","6":"product_cat-classification-stations","7":"product_cat-recycling-sorting-systems","9":"first","10":"instock","11":"shipping-taxable","12":"purchasable","13":"product-type-simple"},"_links":{"self":[{"href":"https:\/\/facilityprojectsolutions.com\/fr\/wp-json\/wp\/v2\/product\/504","targetHints":{"allow":["GET"]}}],"collection":[{"href":"https:\/\/facilityprojectsolutions.com\/fr\/wp-json\/wp\/v2\/product"}],"about":[{"href":"https:\/\/facilityprojectsolutions.com\/fr\/wp-json\/wp\/v2\/types\/product"}],"wp:featuredmedia":[{"embeddable":true,"href":"https:\/\/facilityprojectsolutions.com\/fr\/wp-json\/wp\/v2\/media\/512"}],"wp:attachment":[{"href":"https:\/\/facilityprojectsolutions.com\/fr\/wp-json\/wp\/v2\/media?parent=504"}],"wp:term":[{"taxonomy":"product_brand","embeddable":true,"href":"https:\/\/facilityprojectsolutions.com\/fr\/wp-json\/wp\/v2\/product_brand?post=504"},{"taxonomy":"product_cat","embeddable":true,"href":"https:\/\/facilityprojectsolutions.com\/fr\/wp-json\/wp\/v2\/product_cat?post=504"},{"taxonomy":"product_tag","embeddable":true,"href":"https:\/\/facilityprojectsolutions.com\/fr\/wp-json\/wp\/v2\/product_tag?post=504"}],"curies":[{"name":"wp","href":"https:\/\/api.w.org\/{rel}","templated":true}]}}