{"id":61,"date":"2026-02-12T09:19:27","date_gmt":"2026-02-12T09:19:27","guid":{"rendered":"https:\/\/facilityprojectsolutions.com\/?post_type=product&#038;p=61"},"modified":"2026-02-12T09:19:27","modified_gmt":"2026-02-12T09:19:27","slug":"custom-hospitality-utility-cart-on-casters","status":"publish","type":"product","link":"https:\/\/facilityprojectsolutions.com\/fr\/custom-hospitality-utility-cart-on-casters\/","title":{"rendered":"Chariot utilitaire sur roulettes pour l'h\u00f4tellerie et la restauration"},"content":{"rendered":"<p data-start=\"0\" data-end=\"784\">Con\u00e7u pour les flux de travail de l'entretien m\u00e9nager dans les h\u00f4tels, les appartements avec services et les centres de vill\u00e9giature, ce chariot utilitaire personnalis\u00e9 pour l'h\u00f4tellerie aide les \u00e9quipes \u00e0 organiser les \u00e9l\u00e9ments essentiels tout en se d\u00e9pla\u00e7ant en douceur entre les salles de stockage et les \u00e9tages r\u00e9serv\u00e9s aux clients. La mobilit\u00e9 des roulettes pivotantes permet une conduite s\u00fbre et des virages serr\u00e9s dans les couloirs et les ascenseurs tr\u00e8s fr\u00e9quent\u00e9s, r\u00e9duisant ainsi les arr\u00eats et les repositionnements dans les espaces restreints. Le stockage segment\u00e9 cr\u00e9e des zones r\u00e9p\u00e9tables pour le linge, les \u00e9quipements et les outils afin que les chariots puissent \u00eatre r\u00e9install\u00e9s rapidement d'une chambre \u00e0 l'autre. Des compartiments ouverts et clairement divis\u00e9s permettent de voir l'inventaire d'un coup d'\u0153il et r\u00e9duisent les confusions lors du r\u00e9approvisionnement. Les \u00e9tag\u00e8res r\u00e9glables permettent d'adapter l'agencement aux normes de l'\u00e9tablissement et aux niveaux de parit\u00e9, en gardant les articles les plus utilis\u00e9s \u00e0 port\u00e9e de main tout en s\u00e9parant les fournitures propres et usag\u00e9es.<\/p>\n<p data-start=\"786\" data-end=\"1241\">Les surfaces durables et faciles \u00e0 nettoyer sont adapt\u00e9es aux nettoyages fr\u00e9quents, ce qui permet de conserver un aspect professionnel constant. Les roulettes non marquantes et les butoirs p\u00e9rim\u00e9triques permettent de prot\u00e9ger les sols, les murs et les cadres de porte pendant le transport. Dans l'ensemble, le chariot permet d'acc\u00e9l\u00e9rer les itin\u00e9raires de rotation des pi\u00e8ces, de clarifier l'organisation et d'am\u00e9liorer la pr\u00e9sentation au sol sans compliquer les op\u00e9rations quotidiennes.<\/p>\n<p data-start=\"1243\" data-end=\"1477\">","protected":false},"excerpt":{"rendered":"<p data-start=\"1243\" data-end=\"1477\">Chariot d'entretien configurable sur roulettes pour les h\u00f4tels et les centres de vill\u00e9giature, avec rangement segment\u00e9 et \u00e9tag\u00e8res r\u00e9glables pour garder les fournitures organis\u00e9es, faciles \u00e0 man\u0153uvrer et pr\u00e9sentables dans les couloirs et les ascenseurs.<\/p>","protected":false},"featured_media":68,"template":"","meta":{"_gspb_post_css":""},"product_brand":[],"product_cat":[20,15],"product_tag":[],"class_list":{"0":"post-61","1":"product","2":"type-product","3":"status-publish","4":"has-post-thumbnail","6":"product_cat-custom-hotel-carts","7":"product_cat-hotel-service-carts","9":"first","10":"instock","11":"shipping-taxable","12":"purchasable","13":"product-type-simple"},"_links":{"self":[{"href":"https:\/\/facilityprojectsolutions.com\/fr\/wp-json\/wp\/v2\/product\/61","targetHints":{"allow":["GET"]}}],"collection":[{"href":"https:\/\/facilityprojectsolutions.com\/fr\/wp-json\/wp\/v2\/product"}],"about":[{"href":"https:\/\/facilityprojectsolutions.com\/fr\/wp-json\/wp\/v2\/types\/product"}],"wp:featuredmedia":[{"embeddable":true,"href":"https:\/\/facilityprojectsolutions.com\/fr\/wp-json\/wp\/v2\/media\/68"}],"wp:attachment":[{"href":"https:\/\/facilityprojectsolutions.com\/fr\/wp-json\/wp\/v2\/media?parent=61"}],"wp:term":[{"taxonomy":"product_brand","embeddable":true,"href":"https:\/\/facilityprojectsolutions.com\/fr\/wp-json\/wp\/v2\/product_brand?post=61"},{"taxonomy":"product_cat","embeddable":true,"href":"https:\/\/facilityprojectsolutions.com\/fr\/wp-json\/wp\/v2\/product_cat?post=61"},{"taxonomy":"product_tag","embeddable":true,"href":"https:\/\/facilityprojectsolutions.com\/fr\/wp-json\/wp\/v2\/product_tag?post=61"}],"curies":[{"name":"wp","href":"https:\/\/api.w.org\/{rel}","templated":true}]}}