{"id":62,"date":"2026-02-12T09:37:26","date_gmt":"2026-02-12T09:37:26","guid":{"rendered":"https:\/\/facilityprojectsolutions.com\/?post_type=product&#038;p=62"},"modified":"2026-02-12T09:37:26","modified_gmt":"2026-02-12T09:37:26","slug":"branded-hotel-trolley-with-storage-compartments","status":"publish","type":"product","link":"https:\/\/facilityprojectsolutions.com\/fr\/branded-hotel-trolley-with-storage-compartments\/","title":{"rendered":"Chariot d'h\u00f4tel de marque avec compartiments de rangement"},"content":{"rendered":"<p data-start=\"0\" data-end=\"1258\">\u00c9tablissez une norme de service coh\u00e9rente \u00e0 chaque \u00e9tage avec un chariot d'entretien m\u00e9nager de marque con\u00e7u pour les h\u00f4tels, les appartements et les centres de vill\u00e9giature. Les compartiments de rangement con\u00e7us \u00e0 cet effet permettent de s\u00e9parer les produits d'accueil, les produits d'entretien et le linge de rechange afin que les articles restent faciles \u00e0 trouver et plus rapides \u00e0 r\u00e9approvisionner. Les \u00e9tag\u00e8res r\u00e9glables permettent des am\u00e9nagements flexibles lorsque les normes des chambres changent, et l'organisation compartiment\u00e9e permet de garder les articles \u00e0 forte rotation \u00e0 port\u00e9e de main. <br data-start=\"493\" data-end=\"496\" \/>Con\u00e7u pour les d\u00e9placements quotidiens, le chariot offre une direction souple et des virages contr\u00f4l\u00e9s pour naviguer dans les couloirs \u00e9troits et les seuils d'ascenseurs avec moins d'effort. Les roulettes non marquantes et la protection int\u00e9gr\u00e9e des pare-chocs permettent de r\u00e9duire les \u00e9raflures sur les murs, les cadres de porte et les meubles pendant les p\u00e9riodes d'activit\u00e9 intense. Un rangement discret permet de garder les fournitures organis\u00e9es et pr\u00e9sentables lors des d\u00e9placements dans les zones en contact avec les clients, ce qui contribue \u00e0 rendre les couloirs plus calmes et plus professionnels.<br data-start=\"978\" data-end=\"981\" data-is-only-node=\"\" \/>Les surfaces durables, nettoyables par essuyage, simplifient le nettoyage en fin de service et r\u00e9sistent aux manipulations fr\u00e9quentes. Avec des fournitures class\u00e9es par t\u00e2che et par zone, les \u00e9quipes peuvent r\u00e9duire les d\u00e9placements inutiles vers les salles de stockage, rationaliser les rotations de salles et maintenir une apparence uniforme dans l'ensemble de l'\u00e9tablissement.<\/p>\n<p data-start=\"1260\" data-end=\"1528\">","protected":false},"excerpt":{"rendered":"<p data-start=\"1260\" data-end=\"1528\">Un chariot d'entretien de marque qui permet d'organiser les fournitures des chambres d'h\u00f4tes dans des compartiments d\u00e9di\u00e9s. Les \u00e9tag\u00e8res r\u00e9glables, la direction souple et les roulettes non marquantes aident les \u00e9quipes \u00e0 se d\u00e9placer en silence dans les couloirs et les ascenseurs tout en conservant une apparence soign\u00e9e.<\/p>\n<p data-start=\"1530\" data-end=\"1602\">","protected":false},"featured_media":75,"template":"","meta":{"_gspb_post_css":""},"product_brand":[],"product_cat":[20,15],"product_tag":[],"class_list":{"0":"post-62","1":"product","2":"type-product","3":"status-publish","4":"has-post-thumbnail","6":"product_cat-custom-hotel-carts","7":"product_cat-hotel-service-carts","9":"first","10":"instock","11":"shipping-taxable","12":"purchasable","13":"product-type-simple"},"_links":{"self":[{"href":"https:\/\/facilityprojectsolutions.com\/fr\/wp-json\/wp\/v2\/product\/62","targetHints":{"allow":["GET"]}}],"collection":[{"href":"https:\/\/facilityprojectsolutions.com\/fr\/wp-json\/wp\/v2\/product"}],"about":[{"href":"https:\/\/facilityprojectsolutions.com\/fr\/wp-json\/wp\/v2\/types\/product"}],"wp:featuredmedia":[{"embeddable":true,"href":"https:\/\/facilityprojectsolutions.com\/fr\/wp-json\/wp\/v2\/media\/75"}],"wp:attachment":[{"href":"https:\/\/facilityprojectsolutions.com\/fr\/wp-json\/wp\/v2\/media?parent=62"}],"wp:term":[{"taxonomy":"product_brand","embeddable":true,"href":"https:\/\/facilityprojectsolutions.com\/fr\/wp-json\/wp\/v2\/product_brand?post=62"},{"taxonomy":"product_cat","embeddable":true,"href":"https:\/\/facilityprojectsolutions.com\/fr\/wp-json\/wp\/v2\/product_cat?post=62"},{"taxonomy":"product_tag","embeddable":true,"href":"https:\/\/facilityprojectsolutions.com\/fr\/wp-json\/wp\/v2\/product_tag?post=62"}],"curies":[{"name":"wp","href":"https:\/\/api.w.org\/{rel}","templated":true}]}}