{"id":67,"date":"2026-02-12T11:02:59","date_gmt":"2026-02-12T11:02:59","guid":{"rendered":"https:\/\/facilityprojectsolutions.com\/?post_type=product&#038;p=67"},"modified":"2026-02-12T11:02:59","modified_gmt":"2026-02-12T11:02:59","slug":"compact-maid-cart-with-linen-storage","status":"publish","type":"product","link":"https:\/\/facilityprojectsolutions.com\/fr\/compact-maid-cart-with-linen-storage\/","title":{"rendered":"Chariot de m\u00e9nage compact avec rangement pour le linge"},"content":{"rendered":"<p>Con\u00e7u pour l'efficacit\u00e9 des \u00e9tages, ce chariot de m\u00e9nage compact permet de ranger le linge frais, les accessoires et les outils de nettoyage sans encombrer les couloirs \u00e9troits. Les roulettes \u00e0 roulement doux et non marquant permettent une direction contr\u00f4l\u00e9e et des virages rapides, tandis que les pare-chocs int\u00e9gr\u00e9s prot\u00e8gent les murs et les cadres de porte. <br data-start=\"387\" data-end=\"390\" \/>La disposition en zones permet de s\u00e9parer clairement le linge propre, les fournitures pour les clients et les produits de nettoyage essentiels, ce qui aide les \u00e9quipes \u00e0 suivre des routines coh\u00e9rentes d'une pi\u00e8ce \u00e0 l'autre. Les articles fr\u00e9quemment utilis\u00e9s restent sur les surfaces libres d'acc\u00e8s, tandis que le linge en vrac est rang\u00e9 en toute s\u00e9curit\u00e9 dans une section de stockage d\u00e9di\u00e9e afin de r\u00e9duire les interruptions de r\u00e9approvisionnement. <br data-start=\"742\" data-end=\"745\" \/>\u00c0 l'int\u00e9rieur, une \u00e9tag\u00e8re r\u00e9glable vous permet d'adapter l'espace aux diff\u00e9rentes normes de l'\u00e9tablissement - plus de serviettes pour une \u00e9quipe, plus d'\u00e9quipements pour la suivante - afin que les \u00e9quipes fassent moins d'allers-retours au placard. <br data-start=\"962\" data-end=\"965\" \/>Les surfaces durables et faciles \u00e0 nettoyer r\u00e9sistent aux nettoyages quotidiens et aux passages dans les ascenseurs, ce qui garantit un service fiable dans les h\u00f4tels, les appartements avec services et les centres de vill\u00e9giature. <br data-start=\"1165\" data-end=\"1168\" \/>La silhouette profil\u00e9e se d\u00e9place facilement dans les couloirs et les ascenseurs, contribuant \u00e0 maintenir une apparence professionnelle sur le sol tout en gardant \u00e0 port\u00e9e de main tout ce qui est n\u00e9cessaire pour des changements de pi\u00e8ce plus rapides.<\/p>","protected":false},"excerpt":{"rendered":"<p data-start=\"1367\" data-end=\"1648\">Chariot compact pour femme de m\u00e9nage avec rangement d\u00e9di\u00e9 au linge, compartiments zon\u00e9s et \u00e9tag\u00e8re r\u00e9glable. Les roulettes non marquantes et les pare-chocs de protection am\u00e9liorent la maniabilit\u00e9 dans les couloirs et les ascenseurs tout en gardant les fournitures organis\u00e9es pour une rotation efficace des chambres.<\/p>","protected":false},"featured_media":88,"template":"","meta":{"_gspb_post_css":""},"product_brand":[],"product_cat":[18,15],"product_tag":[],"class_list":{"0":"post-67","1":"product","2":"type-product","3":"status-publish","4":"has-post-thumbnail","6":"product_cat-housekeeping-carts","7":"product_cat-hotel-service-carts","9":"first","10":"instock","11":"shipping-taxable","12":"purchasable","13":"product-type-simple"},"_links":{"self":[{"href":"https:\/\/facilityprojectsolutions.com\/fr\/wp-json\/wp\/v2\/product\/67","targetHints":{"allow":["GET"]}}],"collection":[{"href":"https:\/\/facilityprojectsolutions.com\/fr\/wp-json\/wp\/v2\/product"}],"about":[{"href":"https:\/\/facilityprojectsolutions.com\/fr\/wp-json\/wp\/v2\/types\/product"}],"wp:featuredmedia":[{"embeddable":true,"href":"https:\/\/facilityprojectsolutions.com\/fr\/wp-json\/wp\/v2\/media\/88"}],"wp:attachment":[{"href":"https:\/\/facilityprojectsolutions.com\/fr\/wp-json\/wp\/v2\/media?parent=67"}],"wp:term":[{"taxonomy":"product_brand","embeddable":true,"href":"https:\/\/facilityprojectsolutions.com\/fr\/wp-json\/wp\/v2\/product_brand?post=67"},{"taxonomy":"product_cat","embeddable":true,"href":"https:\/\/facilityprojectsolutions.com\/fr\/wp-json\/wp\/v2\/product_cat?post=67"},{"taxonomy":"product_tag","embeddable":true,"href":"https:\/\/facilityprojectsolutions.com\/fr\/wp-json\/wp\/v2\/product_tag?post=67"}],"curies":[{"name":"wp","href":"https:\/\/api.w.org\/{rel}","templated":true}]}}