{"id":76,"date":"2026-02-12T10:31:48","date_gmt":"2026-02-12T10:31:48","guid":{"rendered":"https:\/\/facilityprojectsolutions.com\/?post_type=product&#038;p=76"},"modified":"2026-02-12T10:31:49","modified_gmt":"2026-02-12T10:31:49","slug":"hotel-housekeeping-cart-with-bag-holder","status":"publish","type":"product","link":"https:\/\/facilityprojectsolutions.com\/fr\/hotel-housekeeping-cart-with-bag-holder\/","title":{"rendered":"Chariot de m\u00e9nage d'h\u00f4tel avec porte-sac"},"content":{"rendered":"<p data-start=\"0\" data-end=\"724\">Organisez les tourn\u00e9es des chambres d'h\u00f4tes avec un chariot de m\u00e9nage d'h\u00f4tel con\u00e7u autour d'un porte-sac int\u00e9gr\u00e9 et d'un rangement pratique par zones. La direction souple et le roulement stable aident les pr\u00e9pos\u00e9s \u00e0 naviguer dans les coins \u00e9troits, les couloirs de service et les ascenseurs avec contr\u00f4le. Un cadre \u00e9quilibr\u00e9 et une rotation r\u00e9active maintiennent le chariot align\u00e9 dans les couloirs \u00e9troits, ce qui facilite le stationnement \u00e0 l'ext\u00e9rieur des chambres sans bloquer la circulation. Les \u00e9tag\u00e8res \u00e0 plusieurs niveaux s\u00e9parent les produits d'accueil, les serviettes et les produits d'entretien afin que les articles soient visibles d'un seul coup d'\u0153il ; le positionnement configurable des \u00e9tag\u00e8res permet de s'adapter \u00e0 diff\u00e9rents types de chambres et d'\u00e9quipes. Le porte-sac permet de contenir le linge sale ou les d\u00e9chets et de les \u00e9loigner de l'inventaire propre, ce qui favorise les flux de travail hygi\u00e9niques.<\/p>\n<p data-start=\"726\" data-end=\"1283\">Pour prot\u00e9ger les finitions dans les zones tr\u00e8s fr\u00e9quent\u00e9es, le chariot est con\u00e7u avec des roulettes non marquantes et des pare-chocs de protection pour minimiser les marques de contact sur les murs, les cadres de porte et les plinthes. Les surfaces faciles \u00e0 nettoyer simplifient les nettoyages entre les chambres et tol\u00e8rent des d\u00e9sinfections fr\u00e9quentes, ce qui aide les \u00e9quipes \u00e0 garder l'\u00e9quipement pr\u00e9sentable pendant de longues p\u00e9riodes de travail. Pour les h\u00f4tels, les appartements et les centres de vill\u00e9giature qui attachent de l'importance \u00e0 une pr\u00e9sentation coh\u00e9rente, ce chariot r\u00e9duit les d\u00e9placements dans la salle d'approvisionnement, permet de ranger les outils l\u00e0 o\u00f9 ils sont n\u00e9cessaires et am\u00e9liore le rythme et le professionnalisme de l'entretien quotidien des chambres.<\/p>","protected":false},"excerpt":{"rendered":"<p data-start=\"1285\" data-end=\"1537\">Chariot d'entretien m\u00e9nager con\u00e7u \u00e0 cet effet, avec un porte-sac int\u00e9gr\u00e9 et des \u00e9tag\u00e8res par zones pour les produits d'entretien et le linge. La direction souple, les roulettes non marquantes et les surfaces faciles \u00e0 nettoyer permettent un entretien efficace des chambres dans les couloirs et les ascenseurs.<\/p>\n<p data-start=\"1539\" data-end=\"1607\">","protected":false},"featured_media":78,"template":"","meta":{"_gspb_post_css":""},"product_brand":[],"product_cat":[18,15],"product_tag":[],"class_list":{"0":"post-76","1":"product","2":"type-product","3":"status-publish","4":"has-post-thumbnail","6":"product_cat-housekeeping-carts","7":"product_cat-hotel-service-carts","9":"first","10":"instock","11":"shipping-taxable","12":"purchasable","13":"product-type-simple"},"_links":{"self":[{"href":"https:\/\/facilityprojectsolutions.com\/fr\/wp-json\/wp\/v2\/product\/76","targetHints":{"allow":["GET"]}}],"collection":[{"href":"https:\/\/facilityprojectsolutions.com\/fr\/wp-json\/wp\/v2\/product"}],"about":[{"href":"https:\/\/facilityprojectsolutions.com\/fr\/wp-json\/wp\/v2\/types\/product"}],"wp:featuredmedia":[{"embeddable":true,"href":"https:\/\/facilityprojectsolutions.com\/fr\/wp-json\/wp\/v2\/media\/78"}],"wp:attachment":[{"href":"https:\/\/facilityprojectsolutions.com\/fr\/wp-json\/wp\/v2\/media?parent=76"}],"wp:term":[{"taxonomy":"product_brand","embeddable":true,"href":"https:\/\/facilityprojectsolutions.com\/fr\/wp-json\/wp\/v2\/product_brand?post=76"},{"taxonomy":"product_cat","embeddable":true,"href":"https:\/\/facilityprojectsolutions.com\/fr\/wp-json\/wp\/v2\/product_cat?post=76"},{"taxonomy":"product_tag","embeddable":true,"href":"https:\/\/facilityprojectsolutions.com\/fr\/wp-json\/wp\/v2\/product_tag?post=76"}],"curies":[{"name":"wp","href":"https:\/\/api.w.org\/{rel}","templated":true}]}}