{"id":90,"date":"2026-02-12T11:28:22","date_gmt":"2026-02-12T11:28:22","guid":{"rendered":"https:\/\/facilityprojectsolutions.com\/?post_type=product&#038;p=90"},"modified":"2026-02-12T11:28:22","modified_gmt":"2026-02-12T11:28:22","slug":"housekeeping-cart-with-lockable-cabinet-doors","status":"publish","type":"product","link":"https:\/\/facilityprojectsolutions.com\/fr\/housekeeping-cart-with-lockable-cabinet-doors\/","title":{"rendered":"Chariot d'entretien m\u00e9nager avec portes d'armoire verrouillables"},"content":{"rendered":"<p data-start=\"0\" data-end=\"576\">Organisez et s\u00e9curisez les fournitures des chambres d'h\u00f4tes \u00e0 chaque \u00e9tage. Ce chariot d'entretien combine des surfaces de travail \u00e0 acc\u00e8s libre et des portes d'armoire verrouillables, de sorte que les produits d'entretien et de nettoyage peuvent \u00eatre stock\u00e9s \u00e0 l'abri des regards lors des d\u00e9placements dans les zones publiques. Les zones de stockage permettent de s\u00e9parer le linge frais, les fournitures pour les clients et les outils, ce qui \u00e9vite les allers-retours inutiles dans la salle de service. \u00c0 l'int\u00e9rieur de l'armoire, des \u00e9tag\u00e8res r\u00e9glables permettent de reconfigurer facilement l'espace pour les diff\u00e9rents types de chambres, les kits de pr\u00e9paration ou les produits saisonniers.<\/p>\n<p data-start=\"578\" data-end=\"1041\">Pour les d\u00e9placements quotidiens, les roulettes \u00e0 roulement doux et non marquant permettent de faire des virages serr\u00e9s dans les couloirs et d'entrer dans les ascenseurs sans laisser d'\u00e9raflures sur les sols finis. Les pare-chocs absorbant les chocs et ne marquant pas contribuent \u00e0 r\u00e9duire les dommages caus\u00e9s aux murs et aux cadres de porte dans les couloirs tr\u00e8s fr\u00e9quent\u00e9s, tandis qu'une poign\u00e9e de pouss\u00e9e confortable permet de se d\u00e9placer d'une pi\u00e8ce \u00e0 l'autre en toute s\u00e9r\u00e9nit\u00e9. Les surfaces faciles \u00e0 nettoyer simplifient le nettoyage entre les \u00e9quipes et permettent au chariot de rester pr\u00eat \u00e0 \u00eatre pr\u00e9sent\u00e9.<\/p>\n<p data-start=\"1043\" data-end=\"1208\">Dans les h\u00f4tels, les appartements avec services et les centres de vill\u00e9giature, ce chariot permet de r\u00e9initialiser plus rapidement les chambres, d'assurer un r\u00e9approvisionnement plus coh\u00e9rent et de donner un aspect ordonn\u00e9 et professionnel aux \u00e9tages r\u00e9serv\u00e9s aux clients.<\/p>","protected":false},"excerpt":{"rendered":"<p data-start=\"1210\" data-end=\"1522\">Chariot d'entretien m\u00e9nager avec portes verrouillables et \u00e9tag\u00e8res r\u00e9glables. Les compartiments divis\u00e9s en zones permettent de s\u00e9parer le linge et les accessoires. Les roulettes non marquantes, les butoirs de protection et les surfaces faciles \u00e0 nettoyer permettent de circuler efficacement dans les couloirs et les ascenseurs.<\/p>","protected":false},"featured_media":100,"template":"","meta":{"_gspb_post_css":""},"product_brand":[],"product_cat":[18,15],"product_tag":[],"class_list":{"0":"post-90","1":"product","2":"type-product","3":"status-publish","4":"has-post-thumbnail","6":"product_cat-housekeeping-carts","7":"product_cat-hotel-service-carts","9":"first","10":"instock","11":"shipping-taxable","12":"purchasable","13":"product-type-simple"},"_links":{"self":[{"href":"https:\/\/facilityprojectsolutions.com\/fr\/wp-json\/wp\/v2\/product\/90","targetHints":{"allow":["GET"]}}],"collection":[{"href":"https:\/\/facilityprojectsolutions.com\/fr\/wp-json\/wp\/v2\/product"}],"about":[{"href":"https:\/\/facilityprojectsolutions.com\/fr\/wp-json\/wp\/v2\/types\/product"}],"wp:featuredmedia":[{"embeddable":true,"href":"https:\/\/facilityprojectsolutions.com\/fr\/wp-json\/wp\/v2\/media\/100"}],"wp:attachment":[{"href":"https:\/\/facilityprojectsolutions.com\/fr\/wp-json\/wp\/v2\/media?parent=90"}],"wp:term":[{"taxonomy":"product_brand","embeddable":true,"href":"https:\/\/facilityprojectsolutions.com\/fr\/wp-json\/wp\/v2\/product_brand?post=90"},{"taxonomy":"product_cat","embeddable":true,"href":"https:\/\/facilityprojectsolutions.com\/fr\/wp-json\/wp\/v2\/product_cat?post=90"},{"taxonomy":"product_tag","embeddable":true,"href":"https:\/\/facilityprojectsolutions.com\/fr\/wp-json\/wp\/v2\/product_tag?post=90"}],"curies":[{"name":"wp","href":"https:\/\/api.w.org\/{rel}","templated":true}]}}