{"id":92,"date":"2026-02-12T11:56:07","date_gmt":"2026-02-12T11:56:07","guid":{"rendered":"https:\/\/facilityprojectsolutions.com\/?post_type=product&#038;p=92"},"modified":"2026-02-12T11:56:07","modified_gmt":"2026-02-12T11:56:07","slug":"laundry-linen-cart-with-oxford-bag-and-wheels","status":"publish","type":"product","link":"https:\/\/facilityprojectsolutions.com\/fr\/laundry-linen-cart-with-oxford-bag-and-wheels\/","title":{"rendered":"Chariot \u00e0 linge avec sac Oxford et roues"},"content":{"rendered":"<p data-start=\"0\" data-end=\"441\">Con\u00e7u pour la circulation quotidienne dans l'arri\u00e8re-boutique, ce chariot pour le linge et les draps associe un cadre roulant \u00e0 un sac de collecte Oxford pour assurer le bon d\u00e9roulement des op\u00e9rations de retournement, des serviettes et des draps. Les roues sont positionn\u00e9es de mani\u00e8re \u00e0 permettre une conduite contr\u00f4l\u00e9e dans les couloirs de service \u00e9troits, avec un contact silencieux et non marquant qui aide \u00e0 prot\u00e9ger le sol des zones d'accueil. Un rebord r\u00e9duit les \u00e9raflures accidentelles lors du passage des portes, des coins et des seuils d'ascenseurs.<\/p>\n<p data-start=\"443\" data-end=\"730\">Les zones de travail restent ordonn\u00e9es : la surface ouverte du chariot s\u00e9pare les fournitures propres des retours souill\u00e9s, et le sac permet de contenir les articles en vrac sans qu'il y ait de paquets d\u00e9tach\u00e9s. Le sac Oxford se d\u00e9tache pour acc\u00e9l\u00e9rer le d\u00e9chargement et simplifier les routines de nettoyage, ce qui permet d'appliquer des normes d'hygi\u00e8ne coh\u00e9rentes d'une \u00e9quipe \u00e0 l'autre.<\/p>\n<p data-start=\"732\" data-end=\"1095\">Con\u00e7u pour les \u00e9quipes de l'h\u00f4tellerie, le chariot \u00e0 nettoyage par essuyage r\u00e9siste aux manipulations fr\u00e9quentes, \u00e0 l'humidit\u00e9 et aux d\u00e9sinfections de routine. Avec un encombrement adapt\u00e9 aux couloirs et aux ascenseurs standard, le personnel peut se d\u00e9placer entre les chambres, les armoires de service et les buanderies avec moins de d\u00e9placements, ce qui permet d'am\u00e9liorer le rythme des t\u00e2ches et de pr\u00e9senter un flux de travail d'entretien m\u00e9nager plus professionnel.<\/p>","protected":false},"excerpt":{"rendered":"<p>Chariot pour le linge de maison et le linge de maison avec un sac Oxford et des roues \u00e0 roulement souple, con\u00e7u pour faciliter la conduite, la s\u00e9paration ordonn\u00e9e des charges et le transport dans les couloirs et les ascenseurs dans les h\u00f4tels, les centres de vill\u00e9giature et les appartements.<\/p>","protected":false},"featured_media":109,"template":"","meta":{"_gspb_post_css":""},"product_brand":[],"product_cat":[19,15],"product_tag":[],"class_list":{"0":"post-92","1":"product","2":"type-product","3":"status-publish","4":"has-post-thumbnail","6":"product_cat-laundry-linen-carts","7":"product_cat-hotel-service-carts","9":"first","10":"instock","11":"shipping-taxable","12":"purchasable","13":"product-type-simple"},"_links":{"self":[{"href":"https:\/\/facilityprojectsolutions.com\/fr\/wp-json\/wp\/v2\/product\/92","targetHints":{"allow":["GET"]}}],"collection":[{"href":"https:\/\/facilityprojectsolutions.com\/fr\/wp-json\/wp\/v2\/product"}],"about":[{"href":"https:\/\/facilityprojectsolutions.com\/fr\/wp-json\/wp\/v2\/types\/product"}],"wp:featuredmedia":[{"embeddable":true,"href":"https:\/\/facilityprojectsolutions.com\/fr\/wp-json\/wp\/v2\/media\/109"}],"wp:attachment":[{"href":"https:\/\/facilityprojectsolutions.com\/fr\/wp-json\/wp\/v2\/media?parent=92"}],"wp:term":[{"taxonomy":"product_brand","embeddable":true,"href":"https:\/\/facilityprojectsolutions.com\/fr\/wp-json\/wp\/v2\/product_brand?post=92"},{"taxonomy":"product_cat","embeddable":true,"href":"https:\/\/facilityprojectsolutions.com\/fr\/wp-json\/wp\/v2\/product_cat?post=92"},{"taxonomy":"product_tag","embeddable":true,"href":"https:\/\/facilityprojectsolutions.com\/fr\/wp-json\/wp\/v2\/product_tag?post=92"}],"curies":[{"name":"wp","href":"https:\/\/api.w.org\/{rel}","templated":true}]}}